{"id":488,"date":"2026-02-19T10:12:24","date_gmt":"2026-02-19T09:12:24","guid":{"rendered":"https:\/\/avenirs-esr.fr\/cofolio\/?page_id=488"},"modified":"2026-02-23T21:09:43","modified_gmt":"2026-02-23T20:09:43","slug":"solution-grand-echelle-et-hebergee","status":"publish","type":"page","link":"https:\/\/avenirs-esr.fr\/cofolio\/decouvrir-la-vision-du-e-portfolio-cofolio-avenirs-esr-et-plus\/solution-grand-echelle-et-hebergee\/","title":{"rendered":"Solution grande \u00e9chelle et h\u00e9berg\u00e9e"},"content":{"rendered":"<p>[et_pb_section fb_built=\u00a0\u00bb1&Prime; _builder_version=\u00a0\u00bb4.27.5&Prime; _module_preset=\u00a0\u00bbdefault\u00a0\u00bb background_color=\u00a0\u00bb#f6f8f9&Prime; custom_padding=\u00a0\u00bb30px||32px|||\u00a0\u00bb da_disable_devices=\u00a0\u00bboff|off|off\u00a0\u00bb saved_tabs=\u00a0\u00bball\u00a0\u00bb global_colors_info=\u00a0\u00bb{}\u00a0\u00bb da_is_popup=\u00a0\u00bboff\u00a0\u00bb da_exit_intent=\u00a0\u00bboff\u00a0\u00bb da_has_close=\u00a0\u00bbon\u00a0\u00bb da_alt_close=\u00a0\u00bboff\u00a0\u00bb da_dark_close=\u00a0\u00bboff\u00a0\u00bb da_not_modal=\u00a0\u00bbon\u00a0\u00bb da_is_singular=\u00a0\u00bboff\u00a0\u00bb da_with_loader=\u00a0\u00bboff\u00a0\u00bb da_has_shadow=\u00a0\u00bbon\u00a0\u00bb][et_pb_row use_custom_gutter=\u00a0\u00bbon\u00a0\u00bb gutter_width=\u00a0\u00bb1&Prime; _builder_version=\u00a0\u00bb4.27.5&Prime; _module_preset=\u00a0\u00bbdefault\u00a0\u00bb max_width=\u00a0\u00bb1440px\u00a0\u00bb module_alignment=\u00a0\u00bbcenter\u00a0\u00bb custom_margin=\u00a0\u00bb||||false|false\u00a0\u00bb custom_padding=\u00a0\u00bb||||false|false\u00a0\u00bb global_colors_info=\u00a0\u00bb{}\u00a0\u00bb][et_pb_column type=\u00a0\u00bb4_4&Prime; _builder_version=\u00a0\u00bb4.27.5&Prime; _module_preset=\u00a0\u00bbdefault\u00a0\u00bb global_colors_info=\u00a0\u00bb{}\u00a0\u00bb][et_pb_text _builder_version=\u00a0\u00bb4.27.5&Prime; _module_preset=\u00a0\u00bbdefault\u00a0\u00bb text_font=\u00a0\u00bb||||||||\u00a0\u00bb header_font=\u00a0\u00bb|700|||||||\u00a0\u00bb header_line_height=\u00a0\u00bb1.3em\u00a0\u00bb global_colors_info=\u00a0\u00bb{}\u00a0\u00bb]<\/p>\n<h1 style=\"text-align: left;\"><span style=\"color: #333399;\">Solution grande \u00e9chelle et h\u00e9berg\u00e9e<\/span><\/h1>\n<p>[\/et_pb_text][\/et_pb_column][\/et_pb_row][\/et_pb_section][et_pb_section fb_built=\u00a0\u00bb1&Prime; _builder_version=\u00a0\u00bb4.27.5&Prime; _module_preset=\u00a0\u00bbdefault\u00a0\u00bb da_disable_devices=\u00a0\u00bboff|off|off\u00a0\u00bb global_colors_info=\u00a0\u00bb{}\u00a0\u00bb da_is_popup=\u00a0\u00bboff\u00a0\u00bb da_exit_intent=\u00a0\u00bboff\u00a0\u00bb da_has_close=\u00a0\u00bbon\u00a0\u00bb da_alt_close=\u00a0\u00bboff\u00a0\u00bb da_dark_close=\u00a0\u00bboff\u00a0\u00bb da_not_modal=\u00a0\u00bbon\u00a0\u00bb da_is_singular=\u00a0\u00bboff\u00a0\u00bb da_with_loader=\u00a0\u00bboff\u00a0\u00bb da_has_shadow=\u00a0\u00bbon\u00a0\u00bb][et_pb_row _builder_version=\u00a0\u00bb4.27.5&Prime; _module_preset=\u00a0\u00bbdefault\u00a0\u00bb max_width=\u00a0\u00bb1400px\u00a0\u00bb global_colors_info=\u00a0\u00bb{}\u00a0\u00bb][et_pb_column type=\u00a0\u00bb4_4&Prime; _builder_version=\u00a0\u00bb4.27.5&Prime; _module_preset=\u00a0\u00bbdefault\u00a0\u00bb global_colors_info=\u00a0\u00bb{}\u00a0\u00bb][et_pb_text _builder_version=\u00a0\u00bb4.27.5&Prime; _module_preset=\u00a0\u00bbdefault\u00a0\u00bb global_colors_info=\u00a0\u00bb{}\u00a0\u00bb]<\/p>\n<p>H\u00e9berg\u00e9e centralement et partag\u00e9e entre \u00e9tablissements, CoFolio <strong>supprime la charge technique<\/strong> <strong>pesant sur chaque DSI<\/strong> et <strong>mutualise les co\u00fbts<\/strong> d\u2019infrastructure, de maintenance et d\u2019\u00e9volution.<\/p>\n<p>L\u2019\u00e9tudiant conserve un <strong>portfolio unique et continu tout au long de son parcours<\/strong>, quel que soit l\u2019\u00e9tablissement fr\u00e9quent\u00e9, en mobilit\u00e9, en double dipl\u00f4me, en c\u00e9sure, mobilit\u00e9 ou en reprise d\u2019\u00e9tudes.<\/p>\n<p>Cette approche SaaS <strong>garantit une mont\u00e9e en charge homog\u00e8ne<\/strong>, des mises \u00e0 jour simultan\u00e9es pour tous, et lib\u00e8re les \u00e9quipes locales pour <strong>accompagner les usages plut\u00f4t que g\u00e9rer des serveurs<\/strong>.<\/p>\n<p>[\/et_pb_text][\/et_pb_column][\/et_pb_row][\/et_pb_section][et_pb_section fb_built=\u00a0\u00bb1&Prime; _builder_version=\u00a0\u00bb4.27.5&Prime; _module_preset=\u00a0\u00bbdefault\u00a0\u00bb custom_padding=\u00a0\u00bb19px||24px|||\u00a0\u00bb da_disable_devices=\u00a0\u00bboff|off|off\u00a0\u00bb border_width_top=\u00a0\u00bb1px\u00a0\u00bb border_color_top=\u00a0\u00bbrgba(0,0,0,0.09)\u00a0\u00bb border_width_bottom=\u00a0\u00bb1px\u00a0\u00bb border_color_bottom=\u00a0\u00bbrgba(0,0,0,0.1)\u00a0\u00bb global_module=\u00a0\u00bb68&Prime; saved_tabs=\u00a0\u00bball\u00a0\u00bb global_colors_info=\u00a0\u00bb{}\u00a0\u00bb da_is_popup=\u00a0\u00bboff\u00a0\u00bb da_exit_intent=\u00a0\u00bboff\u00a0\u00bb da_has_close=\u00a0\u00bbon\u00a0\u00bb da_alt_close=\u00a0\u00bboff\u00a0\u00bb da_dark_close=\u00a0\u00bboff\u00a0\u00bb da_not_modal=\u00a0\u00bbon\u00a0\u00bb da_is_singular=\u00a0\u00bboff\u00a0\u00bb da_with_loader=\u00a0\u00bboff\u00a0\u00bb da_has_shadow=\u00a0\u00bbon\u00a0\u00bb][et_pb_row column_structure=\u00a0\u00bb1_5,3_5,1_5&Prime; _builder_version=\u00a0\u00bb4.27.5&Prime; _module_preset=\u00a0\u00bbdefault\u00a0\u00bb max_width=\u00a0\u00bb2560px\u00a0\u00bb custom_margin=\u00a0\u00bb10px||||false|false\u00a0\u00bb custom_padding=\u00a0\u00bb||19px|||\u00a0\u00bb border_width_top=\u00a0\u00bb0px\u00a0\u00bb global_colors_info=\u00a0\u00bb{}\u00a0\u00bb][et_pb_column type=\u00a0\u00bb1_5&Prime; _builder_version=\u00a0\u00bb4.27.5&Prime; _module_preset=\u00a0\u00bbdefault\u00a0\u00bb global_colors_info=\u00a0\u00bb{}\u00a0\u00bb][et_pb_text _builder_version=\u00a0\u00bb4.27.5&Prime; _module_preset=\u00a0\u00bbdefault\u00a0\u00bb global_colors_info=\u00a0\u00bb{}\u00a0\u00bb]<\/p>\n<p><a href=\"https:\/\/avenirs-esr.fr\/cofolio\/wp-content\/uploads\/sites\/5\/2026\/01\/cofolio.svg\"><img decoding=\"async\" src=\"https:\/\/avenirs-esr.fr\/cofolio\/wp-content\/uploads\/sites\/5\/2026\/01\/cofolio.svg\" width=\"undefined\" height=\"undefined\" alt=\"logo CoFolio avec baseline D\u00e9velopper et valoriser les comp\u00e9tences e-portfolio AVENIR(s) ESR\" class=\"wp-image-162 aligncenter size-full\" \/><\/a><\/p>\n<p>[\/et_pb_text][\/et_pb_column][et_pb_column type=\u00a0\u00bb3_5&Prime; _builder_version=\u00a0\u00bb4.27.5&Prime; _module_preset=\u00a0\u00bbdefault\u00a0\u00bb global_colors_info=\u00a0\u00bb{}\u00a0\u00bb][et_pb_text _builder_version=\u00a0\u00bb4.27.5&Prime; _module_preset=\u00a0\u00bbdefault\u00a0\u00bb text_font_size=\u00a0\u00bb12px\u00a0\u00bb text_line_height=\u00a0\u00bb1.6em\u00a0\u00bb custom_margin=\u00a0\u00bb5px|||-14px||\u00a0\u00bb custom_padding=\u00a0\u00bb|27px||27px|false|true\u00a0\u00bb border_color_right=\u00a0\u00bbrgba(0,22,124,0.17)\u00a0\u00bb border_color_left=\u00a0\u00bbrgba(0,22,124,0.17)\u00a0\u00bb global_colors_info=\u00a0\u00bb{}\u00a0\u00bb]<\/p>\n<p><a href=\"https:\/\/avenirs-esr.fr\/cofolio\/wp-content\/uploads\/sites\/5\/2026\/01\/logosAnrFr2030Avenirsv2.png\"><img loading=\"lazy\" decoding=\"async\" src=\"https:\/\/avenirs-esr.fr\/cofolio\/wp-content\/uploads\/sites\/5\/2026\/01\/logosAnrFr2030Avenirsv2-1024x749.png\" width=\"248\" height=\"181\" alt=\"\" class=\"wp-image-160 alignleft size-large\" \/><\/a><a href=\"https:\/\/avenirs-esr.fr\/cofolio\/wp-content\/uploads\/sites\/5\/2026\/01\/logosAnrFr2030Avenis.png\"><\/a>Le d\u00e9veloppement de l&rsquo;application CoFolio a \u00e9t\u00e9 r\u00e9alis\u00e9 dans le cadre du Programme AVENIR(s) France 2030. Ce travail a b\u00e9n\u00e9fici\u00e9 d&rsquo;une aide de l\u2019\u00c9tat g\u00e9r\u00e9e par l&rsquo;Agence Nationale de la Recherche au titre du programme d\u2019investissements d\u2019avenir int\u00e9gr\u00e9 \u00e0 France 2030, portant la r\u00e9f\u00e9rence ANR-21-DMAV-0001<\/p>\n<p>[\/et_pb_text][\/et_pb_column][et_pb_column type=\u00a0\u00bb1_5&Prime; _builder_version=\u00a0\u00bb4.27.5&Prime; _module_preset=\u00a0\u00bbdefault\u00a0\u00bb global_colors_info=\u00a0\u00bb{}\u00a0\u00bb][et_pb_text _builder_version=\u00a0\u00bb4.27.5&Prime; _module_preset=\u00a0\u00bbdefault\u00a0\u00bb text_font_size=\u00a0\u00bb12px\u00a0\u00bb text_line_height=\u00a0\u00bb1.4em\u00a0\u00bb global_colors_info=\u00a0\u00bb{}\u00a0\u00bb]<a href=\"https:\/\/avenirs-esr.fr\/cofolio\/wp-content\/uploads\/sites\/5\/2026\/01\/logo-esup-portail.svg\"><img loading=\"lazy\" decoding=\"async\" src=\"https:\/\/avenirs-esr.fr\/cofolio\/wp-content\/uploads\/sites\/5\/2026\/01\/logo-esup-portail.svg\" width=\"132\" height=\"55\" alt=\"\" class=\"wp-image-67 alignleft size-full\" \/><\/a><\/p>\n<p>&nbsp;<\/p>\n<p>&nbsp;<\/p>\n<p>D\u00e9velopp\u00e9 par l&rsquo;association Esup-portail \u00e0 travers ses membres.<\/p>\n<p>CoFolio sera disponible en offre SAAS \u00e0 partir de 2028.[\/et_pb_text][\/et_pb_column][\/et_pb_row][\/et_pb_section][et_pb_section fb_built=\u00a0\u00bb1&Prime; _builder_version=\u00a0\u00bb4.27.5&Prime; _module_preset=\u00a0\u00bbdefault\u00a0\u00bb custom_padding=\u00a0\u00bb16px||7px|||\u00a0\u00bb da_disable_devices=\u00a0\u00bboff|off|off\u00a0\u00bb global_module=\u00a0\u00bb201&Prime; saved_tabs=\u00a0\u00bball\u00a0\u00bb global_colors_info=\u00a0\u00bb{}\u00a0\u00bb da_is_popup=\u00a0\u00bboff\u00a0\u00bb da_exit_intent=\u00a0\u00bboff\u00a0\u00bb da_has_close=\u00a0\u00bbon\u00a0\u00bb da_alt_close=\u00a0\u00bboff\u00a0\u00bb da_dark_close=\u00a0\u00bboff\u00a0\u00bb da_not_modal=\u00a0\u00bbon\u00a0\u00bb da_is_singular=\u00a0\u00bboff\u00a0\u00bb da_with_loader=\u00a0\u00bboff\u00a0\u00bb da_has_shadow=\u00a0\u00bbon\u00a0\u00bb][et_pb_row _builder_version=\u00a0\u00bb4.27.5&Prime; _module_preset=\u00a0\u00bbdefault\u00a0\u00bb width=\u00a0\u00bb100%\u00a0\u00bb max_width=\u00a0\u00bb2228px\u00a0\u00bb custom_padding=\u00a0\u00bb18px||16px|||\u00a0\u00bb global_colors_info=\u00a0\u00bb{}\u00a0\u00bb][et_pb_column type=\u00a0\u00bb4_4&Prime; _builder_version=\u00a0\u00bb4.27.5&Prime; _module_preset=\u00a0\u00bbdefault\u00a0\u00bb global_colors_info=\u00a0\u00bb{}\u00a0\u00bb][et_pb_text _builder_version=\u00a0\u00bb4.27.5&Prime; _module_preset=\u00a0\u00bbdefault\u00a0\u00bb text_orientation=\u00a0\u00bbcenter\u00a0\u00bb global_colors_info=\u00a0\u00bb{}\u00a0\u00bb]<\/p>\n<p>Site officiel de la solution <strong>e-portfolio CoFolio<\/strong> I Design <strong>USMB<\/strong> 2026\u00a0<\/p>\n<p>[\/et_pb_text][\/et_pb_column][\/et_pb_row][\/et_pb_section]<\/p>\n","protected":false},"excerpt":{"rendered":"<p>Solution grande \u00e9chelle et h\u00e9berg\u00e9eH\u00e9berg\u00e9e centralement et partag\u00e9e entre \u00e9tablissements, CoFolio supprime la charge technique pesant sur chaque DSI et mutualise les co\u00fbts d\u2019infrastructure, de maintenance et d\u2019\u00e9volution. L\u2019\u00e9tudiant conserve un portfolio unique et continu tout au long de son parcours, quel que soit l\u2019\u00e9tablissement fr\u00e9quent\u00e9, en mobilit\u00e9, en double dipl\u00f4me, en c\u00e9sure, mobilit\u00e9 ou [&hellip;]<\/p>\n","protected":false},"author":9,"featured_media":0,"parent":285,"menu_order":0,"comment_status":"closed","ping_status":"closed","template":"","meta":{"_et_pb_use_builder":"on","_et_pb_old_content":"","_et_gb_content_width":"","footnotes":""},"class_list":["post-488","page","type-page","status-publish","hentry"],"aioseo_notices":[],"_links":{"self":[{"href":"https:\/\/avenirs-esr.fr\/cofolio\/wp-json\/wp\/v2\/pages\/488","targetHints":{"allow":["GET"]}}],"collection":[{"href":"https:\/\/avenirs-esr.fr\/cofolio\/wp-json\/wp\/v2\/pages"}],"about":[{"href":"https:\/\/avenirs-esr.fr\/cofolio\/wp-json\/wp\/v2\/types\/page"}],"author":[{"embeddable":true,"href":"https:\/\/avenirs-esr.fr\/cofolio\/wp-json\/wp\/v2\/users\/9"}],"replies":[{"embeddable":true,"href":"https:\/\/avenirs-esr.fr\/cofolio\/wp-json\/wp\/v2\/comments?post=488"}],"version-history":[{"count":20,"href":"https:\/\/avenirs-esr.fr\/cofolio\/wp-json\/wp\/v2\/pages\/488\/revisions"}],"predecessor-version":[{"id":886,"href":"https:\/\/avenirs-esr.fr\/cofolio\/wp-json\/wp\/v2\/pages\/488\/revisions\/886"}],"up":[{"embeddable":true,"href":"https:\/\/avenirs-esr.fr\/cofolio\/wp-json\/wp\/v2\/pages\/285"}],"wp:attachment":[{"href":"https:\/\/avenirs-esr.fr\/cofolio\/wp-json\/wp\/v2\/media?parent=488"}],"curies":[{"name":"wp","href":"https:\/\/api.w.org\/{rel}","templated":true}]}}